{"id":737,"date":"2021-03-03T08:42:27","date_gmt":"2021-03-03T08:42:27","guid":{"rendered":"https:\/\/themetechmount.com\/wordpress\/fablio\/?page_id=737"},"modified":"2025-04-22T20:17:34","modified_gmt":"2025-04-22T20:17:34","slug":"services-2","status":"publish","type":"page","link":"https:\/\/gunsanmensucat.com.tr\/index.php\/services-2\/","title":{"rendered":"\u00dcRET\u0130MLER\u0130M\u0130Z"},"content":{"rendered":"<section class=\"wpb-content-wrapper\"><p>[vc_row tm_bgimagefixed=&#8221;&#8221; css=&#8221;.vc_custom_1615809786973{padding-bottom: 48px !important;}&#8221; tm_responsive_css=&#8221;16987661|colbreak_no|||||||||colbreak_no|||||40px||0px||colbreak_no||||||||||colbreak_no|||||||||&#8221;][vc_column]<div class=\"themetechmount-boxes themetechmount-boxes-service themetechmount-boxes-view-default themetechmount-boxes-col-three themetechmount-boxes-sortable-no themetechmount-boxes-textalign-center tm-cta3-rev-heading\">\n\t\t<div class=\"themetechmount-boxes-inner themetechmount-boxes-service-inner \"><div class=\"themetechmount-box-heading-wrapper tm-element-align-center\"><div class=\"tm-element-heading-wrapper tm-heading-inner tm-element-align-center tm-seperator-style-one tm-heading-style-vertical \"><section class=\"tm-vc_cta3-container\"><div class=\"tm-vc_general tm-vc_cta3 tm-cta3-only tm-vc_cta3-style-classic tm-vc_cta3-shape-rounded tm-vc_cta3-align-center tm-vc_cta3-color-transparent tm-vc_cta3-icon-size-md tm-vc_cta3-actions-no tm-cta3-without-desc\"><div class=\"tm-vc_cta3_content-container\"><div class=\"tm-vc_cta3-content\"><header class=\"tm-vc_cta3-content-header tm-wrap\"><div class=\"tm-vc_cta3-headers tm-wrap-cell\"><h4 class=\"tm-custom-heading \" >G\u00dcNSAN \u00d6RG\u00dc &amp; TEKST\u0130L<\/h4>\n<h2 class=\"tm-custom-heading \" >\u00dcRET\u0130MLER\u0130M\u0130Z<\/h2>\n<\/div><div class=\"heading-seperator\"><span><\/span><\/div><\/header><\/div><\/div><\/div><\/section><\/div> <!-- .tm-element-heading-wrapper container --> <\/div> <!-- .tm-element-heading-wrapper container --> \n\t\t\t\t\n\t\t\t\t<div class=\"row multi-columns-row themetechmount-boxes-row-wrapper\">\n\t\t\t\t\t<div class=\"tm-box-col-wrapper col-lg-4 col-sm-6 col-md-4 col-xs-12 gunsan\"><article class=\"themetechmount-box themetechmount-box-service themetechmount-servicebox-styletwo \">\n\t<div class=\"themetechmount-post-item\">\n\t\t<div class=\"themetechmount-box-bottom-content\">\t\n\t\t\t<div class=\"tm-featured-wrapper tm-tm_service-featured-wrapper\"><a href=\"https:\/\/gunsanmensucat.com.tr\/index.php\/service\/kaskorse\/\"><img fetchpriority=\"high\" decoding=\"async\" width=\"768\" height=\"512\" src=\"https:\/\/gunsanmensucat.com.tr\/wp-content\/uploads\/2025\/04\/kaskorse-768x512.jpg\" class=\"attachment-medium_large size-medium_large wp-post-image\" alt=\"\" srcset=\"https:\/\/gunsanmensucat.com.tr\/wp-content\/uploads\/2025\/04\/kaskorse-768x512.jpg 768w, https:\/\/gunsanmensucat.com.tr\/wp-content\/uploads\/2025\/04\/kaskorse-300x200.jpg 300w, https:\/\/gunsanmensucat.com.tr\/wp-content\/uploads\/2025\/04\/kaskorse-1024x683.jpg 1024w, https:\/\/gunsanmensucat.com.tr\/wp-content\/uploads\/2025\/04\/kaskorse.jpg 1200w\" sizes=\"(max-width: 768px) 100vw, 768px\" data-id=\"1793\" \/><\/a><\/div>\t\t\t<div class=\"tm-servicebox-detials\">\n\t\t\t\t<div class=\"tm-box-header\">\n\t\t\t\t\t<div class=\"themetechmount-box-title\"><h4><a href=\"https:\/\/gunsanmensucat.com.tr\/index.php\/service\/kaskorse\/\">KA\u015eKORSE<\/a><\/h4><\/div>\t\t\t\t\t<div class=\"tm-details-link\"><a href=\"https:\/\/gunsanmensucat.com.tr\/index.php\/service\/kaskorse\/\"><i class=\"themifyicon ti-arrow-top-right\"><\/i><\/a><\/div>\n\t\t\t\t<\/div>\n\t\t\t\t<div class=\"themetechmount-box-desc\">\n\t\t\t\t\t\t\t\t\t\t\t<div class=\"tm-short-desc\">\n\t\t\t\t\t\t\tKa\u015fkorse, enine y\u00f6nde esnek, ribana \u00f6rg\u00fc yap\u0131s\u0131na sahip, genellikle man\u015fet, yaka ve beli saran par\u00e7alarda kullan\u0131lan fitilli kuma\u015f t\u00fcr\u00fcd\u00fcr.\t\t\t\t\t\t<\/div>\n\t\t\t\t\t\t\t\t\t<\/div> \n\t\t\t<\/div>\n\t\t<\/div>\n\t<\/div>\n<\/article><\/div><div class=\"tm-box-col-wrapper col-lg-4 col-sm-6 col-md-4 col-xs-12 gunsan\"><article class=\"themetechmount-box themetechmount-box-service themetechmount-servicebox-styletwo \">\n\t<div class=\"themetechmount-post-item\">\n\t\t<div class=\"themetechmount-box-bottom-content\">\t\n\t\t\t<div class=\"tm-featured-wrapper tm-tm_service-featured-wrapper\"><a href=\"https:\/\/gunsanmensucat.com.tr\/index.php\/service\/uc-iplik\/\"><img decoding=\"async\" width=\"768\" height=\"512\" src=\"https:\/\/gunsanmensucat.com.tr\/wp-content\/uploads\/2025\/04\/uc-iplik-768x512.jpg\" class=\"attachment-medium_large size-medium_large wp-post-image\" alt=\"\" srcset=\"https:\/\/gunsanmensucat.com.tr\/wp-content\/uploads\/2025\/04\/uc-iplik-768x512.jpg 768w, https:\/\/gunsanmensucat.com.tr\/wp-content\/uploads\/2025\/04\/uc-iplik-300x200.jpg 300w, https:\/\/gunsanmensucat.com.tr\/wp-content\/uploads\/2025\/04\/uc-iplik-1024x683.jpg 1024w, https:\/\/gunsanmensucat.com.tr\/wp-content\/uploads\/2025\/04\/uc-iplik.jpg 1200w\" sizes=\"(max-width: 768px) 100vw, 768px\" data-id=\"1790\" \/><\/a><\/div>\t\t\t<div class=\"tm-servicebox-detials\">\n\t\t\t\t<div class=\"tm-box-header\">\n\t\t\t\t\t<div class=\"themetechmount-box-title\"><h4><a href=\"https:\/\/gunsanmensucat.com.tr\/index.php\/service\/uc-iplik\/\">\u00dc\u00c7 \u0130PL\u0130K<\/a><\/h4><\/div>\t\t\t\t\t<div class=\"tm-details-link\"><a href=\"https:\/\/gunsanmensucat.com.tr\/index.php\/service\/uc-iplik\/\"><i class=\"themifyicon ti-arrow-top-right\"><\/i><\/a><\/div>\n\t\t\t\t<\/div>\n\t\t\t\t<div class=\"themetechmount-box-desc\">\n\t\t\t\t\t\t\t\t\t\t\t<div class=\"tm-short-desc\">\n\t\t\t\t\t\t\t\u00dc\u00e7 iplik, \u00fc\u00e7 farkl\u0131 ipli\u011fin kullan\u0131ld\u0131\u011f\u0131, genellikle kal\u0131n ve dayan\u0131kl\u0131 olan, spor giyim ve e\u015fofman gibi \u00fcr\u00fcnlerde tercih edilen bir kuma\u015f t\u00fcr\u00fcd\u00fcr.\t\t\t\t\t\t<\/div>\n\t\t\t\t\t\t\t\t\t<\/div> \n\t\t\t<\/div>\n\t\t<\/div>\n\t<\/div>\n<\/article><\/div><div class=\"tm-box-col-wrapper col-lg-4 col-sm-6 col-md-4 col-xs-12 gunsan\"><article class=\"themetechmount-box themetechmount-box-service themetechmount-servicebox-styletwo \">\n\t<div class=\"themetechmount-post-item\">\n\t\t<div class=\"themetechmount-box-bottom-content\">\t\n\t\t\t<div class=\"tm-featured-wrapper tm-tm_service-featured-wrapper\"><a href=\"https:\/\/gunsanmensucat.com.tr\/index.php\/service\/pike\/\"><img decoding=\"async\" width=\"768\" height=\"512\" src=\"https:\/\/gunsanmensucat.com.tr\/wp-content\/uploads\/2025\/04\/pike-768x512.jpg\" class=\"attachment-medium_large size-medium_large wp-post-image\" alt=\"\" srcset=\"https:\/\/gunsanmensucat.com.tr\/wp-content\/uploads\/2025\/04\/pike-768x512.jpg 768w, https:\/\/gunsanmensucat.com.tr\/wp-content\/uploads\/2025\/04\/pike-300x200.jpg 300w, https:\/\/gunsanmensucat.com.tr\/wp-content\/uploads\/2025\/04\/pike-1024x683.jpg 1024w, https:\/\/gunsanmensucat.com.tr\/wp-content\/uploads\/2025\/04\/pike.jpg 1200w\" sizes=\"(max-width: 768px) 100vw, 768px\" data-id=\"1787\" \/><\/a><\/div>\t\t\t<div class=\"tm-servicebox-detials\">\n\t\t\t\t<div class=\"tm-box-header\">\n\t\t\t\t\t<div class=\"themetechmount-box-title\"><h4><a href=\"https:\/\/gunsanmensucat.com.tr\/index.php\/service\/pike\/\">P\u0130KE<\/a><\/h4><\/div>\t\t\t\t\t<div class=\"tm-details-link\"><a href=\"https:\/\/gunsanmensucat.com.tr\/index.php\/service\/pike\/\"><i class=\"themifyicon ti-arrow-top-right\"><\/i><\/a><\/div>\n\t\t\t\t<\/div>\n\t\t\t\t<div class=\"themetechmount-box-desc\">\n\t\t\t\t\t\t\t\t\t\t\t<div class=\"tm-short-desc\">\n\t\t\t\t\t\t\tPike (Lacoste), genellikle %100 pamuk veya pamuk-kar\u0131\u015f\u0131ml\u0131, dokusu kabar\u0131k ve hafif esnek olan, spor giyim ve polo ti\u015f\u00f6rtlerinde s\u0131k\u00e7a kullan\u0131lan bir kuma\u015f t\u00fcr\u00fcd\u00fcr.\t\t\t\t\t\t<\/div>\n\t\t\t\t\t\t\t\t\t<\/div> \n\t\t\t<\/div>\n\t\t<\/div>\n\t<\/div>\n<\/article><\/div><div class=\"tm-box-col-wrapper col-lg-4 col-sm-6 col-md-4 col-xs-12 gunsan\"><article class=\"themetechmount-box themetechmount-box-service themetechmount-servicebox-styletwo \">\n\t<div class=\"themetechmount-post-item\">\n\t\t<div class=\"themetechmount-box-bottom-content\">\t\n\t\t\t<div class=\"tm-featured-wrapper tm-tm_service-featured-wrapper\"><a href=\"https:\/\/gunsanmensucat.com.tr\/index.php\/service\/a-en-iki-iplik\/\"><img loading=\"lazy\" decoding=\"async\" width=\"768\" height=\"512\" src=\"https:\/\/gunsanmensucat.com.tr\/wp-content\/uploads\/2025\/04\/iki-iplik-acik-en-768x512.jpg\" class=\"attachment-medium_large size-medium_large wp-post-image\" alt=\"\" srcset=\"https:\/\/gunsanmensucat.com.tr\/wp-content\/uploads\/2025\/04\/iki-iplik-acik-en-768x512.jpg 768w, https:\/\/gunsanmensucat.com.tr\/wp-content\/uploads\/2025\/04\/iki-iplik-acik-en-300x200.jpg 300w, https:\/\/gunsanmensucat.com.tr\/wp-content\/uploads\/2025\/04\/iki-iplik-acik-en-1024x683.jpg 1024w, https:\/\/gunsanmensucat.com.tr\/wp-content\/uploads\/2025\/04\/iki-iplik-acik-en.jpg 1200w\" sizes=\"(max-width: 768px) 100vw, 768px\" data-id=\"1784\" \/><\/a><\/div>\t\t\t<div class=\"tm-servicebox-detials\">\n\t\t\t\t<div class=\"tm-box-header\">\n\t\t\t\t\t<div class=\"themetechmount-box-title\"><h4><a href=\"https:\/\/gunsanmensucat.com.tr\/index.php\/service\/a-en-iki-iplik\/\">A.EN \u0130K\u0130 \u0130PL\u0130K<\/a><\/h4><\/div>\t\t\t\t\t<div class=\"tm-details-link\"><a href=\"https:\/\/gunsanmensucat.com.tr\/index.php\/service\/a-en-iki-iplik\/\"><i class=\"themifyicon ti-arrow-top-right\"><\/i><\/a><\/div>\n\t\t\t\t<\/div>\n\t\t\t\t<div class=\"themetechmount-box-desc\">\n\t\t\t\t\t\t\t\t\t\t\t<div class=\"tm-short-desc\">\n\t\t\t\t\t\t\tA.En iki iplik, geni\u015fli\u011fi art\u0131r\u0131lm\u0131\u015f ve iki iplik kullan\u0131lan, daha dayan\u0131kl\u0131 ve kal\u0131n kuma\u015f t\u00fcr\u00fcd\u00fcr.\t\t\t\t\t\t<\/div>\n\t\t\t\t\t\t\t\t\t<\/div> \n\t\t\t<\/div>\n\t\t<\/div>\n\t<\/div>\n<\/article><\/div><div class=\"tm-box-col-wrapper col-lg-4 col-sm-6 col-md-4 col-xs-12 gunsan\"><article class=\"themetechmount-box themetechmount-box-service themetechmount-servicebox-styletwo \">\n\t<div class=\"themetechmount-post-item\">\n\t\t<div class=\"themetechmount-box-bottom-content\">\t\n\t\t\t<div class=\"tm-featured-wrapper tm-tm_service-featured-wrapper\"><a href=\"https:\/\/gunsanmensucat.com.tr\/index.php\/service\/tup-iki-iplik\/\"><img loading=\"lazy\" decoding=\"async\" width=\"768\" height=\"512\" src=\"https:\/\/gunsanmensucat.com.tr\/wp-content\/uploads\/2025\/04\/iki-iplik-768x512.jpg\" class=\"attachment-medium_large size-medium_large wp-post-image\" alt=\"\" srcset=\"https:\/\/gunsanmensucat.com.tr\/wp-content\/uploads\/2025\/04\/iki-iplik-768x512.jpg 768w, https:\/\/gunsanmensucat.com.tr\/wp-content\/uploads\/2025\/04\/iki-iplik-300x200.jpg 300w, https:\/\/gunsanmensucat.com.tr\/wp-content\/uploads\/2025\/04\/iki-iplik-1024x683.jpg 1024w, https:\/\/gunsanmensucat.com.tr\/wp-content\/uploads\/2025\/04\/iki-iplik.jpg 1200w\" sizes=\"(max-width: 768px) 100vw, 768px\" data-id=\"1781\" \/><\/a><\/div>\t\t\t<div class=\"tm-servicebox-detials\">\n\t\t\t\t<div class=\"tm-box-header\">\n\t\t\t\t\t<div class=\"themetechmount-box-title\"><h4><a href=\"https:\/\/gunsanmensucat.com.tr\/index.php\/service\/tup-iki-iplik\/\">T\u00dcP \u0130K\u0130 \u0130PL\u0130K<\/a><\/h4><\/div>\t\t\t\t\t<div class=\"tm-details-link\"><a href=\"https:\/\/gunsanmensucat.com.tr\/index.php\/service\/tup-iki-iplik\/\"><i class=\"themifyicon ti-arrow-top-right\"><\/i><\/a><\/div>\n\t\t\t\t<\/div>\n\t\t\t\t<div class=\"themetechmount-box-desc\">\n\t\t\t\t\t\t\t\t\t\t\t<div class=\"tm-short-desc\">\n\t\t\t\t\t\t\tT\u00fcp iki iplik, iki farkl\u0131 ipli\u011fin bir arada \u00f6r\u00fclerek olu\u015fturdu\u011fu, dayan\u0131kl\u0131 ve esnek bir kuma\u015f t\u00fcr\u00fcd\u00fcr.\t\t\t\t\t\t<\/div>\n\t\t\t\t\t\t\t\t\t<\/div> \n\t\t\t<\/div>\n\t\t<\/div>\n\t<\/div>\n<\/article><\/div><div class=\"tm-box-col-wrapper col-lg-4 col-sm-6 col-md-4 col-xs-12 gunsan\"><article class=\"themetechmount-box themetechmount-box-service themetechmount-servicebox-styletwo \">\n\t<div class=\"themetechmount-post-item\">\n\t\t<div class=\"themetechmount-box-bottom-content\">\t\n\t\t\t<div class=\"tm-featured-wrapper tm-tm_service-featured-wrapper\"><a href=\"https:\/\/gunsanmensucat.com.tr\/index.php\/service\/f-lyc-suprem\/\"><img loading=\"lazy\" decoding=\"async\" width=\"768\" height=\"512\" src=\"https:\/\/gunsanmensucat.com.tr\/wp-content\/uploads\/2025\/04\/lyc-suprem-768x512.jpg\" class=\"attachment-medium_large size-medium_large wp-post-image\" alt=\"\" srcset=\"https:\/\/gunsanmensucat.com.tr\/wp-content\/uploads\/2025\/04\/lyc-suprem-768x512.jpg 768w, https:\/\/gunsanmensucat.com.tr\/wp-content\/uploads\/2025\/04\/lyc-suprem-300x200.jpg 300w, https:\/\/gunsanmensucat.com.tr\/wp-content\/uploads\/2025\/04\/lyc-suprem-1024x683.jpg 1024w, https:\/\/gunsanmensucat.com.tr\/wp-content\/uploads\/2025\/04\/lyc-suprem.jpg 1200w\" sizes=\"(max-width: 768px) 100vw, 768px\" data-id=\"1778\" \/><\/a><\/div>\t\t\t<div class=\"tm-servicebox-detials\">\n\t\t\t\t<div class=\"tm-box-header\">\n\t\t\t\t\t<div class=\"themetechmount-box-title\"><h4><a href=\"https:\/\/gunsanmensucat.com.tr\/index.php\/service\/f-lyc-suprem\/\">F. LYC S\u00dcPREM<\/a><\/h4><\/div>\t\t\t\t\t<div class=\"tm-details-link\"><a href=\"https:\/\/gunsanmensucat.com.tr\/index.php\/service\/f-lyc-suprem\/\"><i class=\"themifyicon ti-arrow-top-right\"><\/i><\/a><\/div>\n\t\t\t\t<\/div>\n\t\t\t\t<div class=\"themetechmount-box-desc\">\n\t\t\t\t\t\t\t\t\t\t\t<div class=\"tm-short-desc\">\n\t\t\t\t\t\t\tFull Lyc S\u00fcprem, tamamen likral\u0131 oldu\u011fu i\u00e7in y\u00fcksek esneklik ve v\u00fccuda oturma sa\u011flayan s\u00fcprem kuma\u015ft\u0131r.\t\t\t\t\t\t<\/div>\n\t\t\t\t\t\t\t\t\t<\/div> \n\t\t\t<\/div>\n\t\t<\/div>\n\t<\/div>\n<\/article><\/div>\n\t\t\t\t<\/div>\n\t\t\t<\/div><!-- .themetechmount-boxes-inner -->   <\/div><!-- .themetechmount-boxes -->  [\/vc_column][\/vc_row]<\/p>\n<\/section>","protected":false},"excerpt":{"rendered":"<p>[vc_row tm_bgimagefixed=&#8221;&#8221; css=&#8221;.vc_custom_1615809786973{padding-bottom: 48px !important;}&#8221; tm_responsive_css=&#8221;16987661|colbreak_no|||||||||colbreak_no|||||40px||0px||colbreak_no||||||||||colbreak_no|||||||||&#8221;][vc_column][\/vc_column][\/vc_row]<\/p>\n","protected":false},"author":1,"featured_media":0,"parent":0,"menu_order":0,"comment_status":"closed","ping_status":"closed","template":"","meta":{"footnotes":""},"class_list":["post-737","page","type-page","status-publish","hentry"],"yoast_head":"<!-- This site is optimized with the Yoast SEO plugin v26.6 - https:\/\/yoast.com\/wordpress\/plugins\/seo\/ -->\n<title>\u00dcRET\u0130MLER\u0130M\u0130Z - G&Uuml;NSAN<\/title>\n<meta name=\"robots\" content=\"index, follow, max-snippet:-1, max-image-preview:large, max-video-preview:-1\" \/>\n<link rel=\"canonical\" href=\"https:\/\/gunsanmensucat.com.tr\/index.php\/services-2\/\" \/>\n<meta property=\"og:locale\" content=\"tr_TR\" \/>\n<meta property=\"og:type\" content=\"article\" \/>\n<meta property=\"og:title\" content=\"\u00dcRET\u0130MLER\u0130M\u0130Z - G&Uuml;NSAN\" \/>\n<meta property=\"og:description\" content=\"[vc_row tm_bgimagefixed=&#8221;&#8221; css=&#8221;.vc_custom_1615809786973{padding-bottom: 48px !important;}&#8221; tm_responsive_css=&#8221;16987661|colbreak_no|||||||||colbreak_no|||||40px||0px||colbreak_no||||||||||colbreak_no|||||||||&#8221;][vc_column][\/vc_column][\/vc_row]\" \/>\n<meta property=\"og:url\" content=\"https:\/\/gunsanmensucat.com.tr\/index.php\/services-2\/\" \/>\n<meta property=\"og:site_name\" content=\"G&Uuml;NSAN\" \/>\n<meta property=\"article:modified_time\" content=\"2025-04-22T20:17:34+00:00\" \/>\n<meta name=\"twitter:card\" content=\"summary_large_image\" \/>\n<script type=\"application\/ld+json\" class=\"yoast-schema-graph\">{\"@context\":\"https:\/\/schema.org\",\"@graph\":[{\"@type\":\"WebPage\",\"@id\":\"https:\/\/gunsanmensucat.com.tr\/index.php\/services-2\/\",\"url\":\"https:\/\/gunsanmensucat.com.tr\/index.php\/services-2\/\",\"name\":\"\u00dcRET\u0130MLER\u0130M\u0130Z - G&Uuml;NSAN\",\"isPartOf\":{\"@id\":\"https:\/\/gunsanmensucat.com.tr\/#website\"},\"datePublished\":\"2021-03-03T08:42:27+00:00\",\"dateModified\":\"2025-04-22T20:17:34+00:00\",\"breadcrumb\":{\"@id\":\"https:\/\/gunsanmensucat.com.tr\/index.php\/services-2\/#breadcrumb\"},\"inLanguage\":\"tr\",\"potentialAction\":[{\"@type\":\"ReadAction\",\"target\":[\"https:\/\/gunsanmensucat.com.tr\/index.php\/services-2\/\"]}]},{\"@type\":\"BreadcrumbList\",\"@id\":\"https:\/\/gunsanmensucat.com.tr\/index.php\/services-2\/#breadcrumb\",\"itemListElement\":[{\"@type\":\"ListItem\",\"position\":1,\"name\":\"Anasayfa\",\"item\":\"https:\/\/gunsanmensucat.com.tr\/\"},{\"@type\":\"ListItem\",\"position\":2,\"name\":\"\u00dcRET\u0130MLER\u0130M\u0130Z\"}]},{\"@type\":\"WebSite\",\"@id\":\"https:\/\/gunsanmensucat.com.tr\/#website\",\"url\":\"https:\/\/gunsanmensucat.com.tr\/\",\"name\":\"G&Uuml;NSAN\",\"description\":\"&Ouml;RG&Uuml; VE TEKST\u0130L\",\"potentialAction\":[{\"@type\":\"SearchAction\",\"target\":{\"@type\":\"EntryPoint\",\"urlTemplate\":\"https:\/\/gunsanmensucat.com.tr\/?s={search_term_string}\"},\"query-input\":{\"@type\":\"PropertyValueSpecification\",\"valueRequired\":true,\"valueName\":\"search_term_string\"}}],\"inLanguage\":\"tr\"}]}<\/script>\n<!-- \/ Yoast SEO plugin. -->","yoast_head_json":{"title":"\u00dcRET\u0130MLER\u0130M\u0130Z - G&Uuml;NSAN","robots":{"index":"index","follow":"follow","max-snippet":"max-snippet:-1","max-image-preview":"max-image-preview:large","max-video-preview":"max-video-preview:-1"},"canonical":"https:\/\/gunsanmensucat.com.tr\/index.php\/services-2\/","og_locale":"tr_TR","og_type":"article","og_title":"\u00dcRET\u0130MLER\u0130M\u0130Z - G&Uuml;NSAN","og_description":"[vc_row tm_bgimagefixed=&#8221;&#8221; css=&#8221;.vc_custom_1615809786973{padding-bottom: 48px !important;}&#8221; tm_responsive_css=&#8221;16987661|colbreak_no|||||||||colbreak_no|||||40px||0px||colbreak_no||||||||||colbreak_no|||||||||&#8221;][vc_column][\/vc_column][\/vc_row]","og_url":"https:\/\/gunsanmensucat.com.tr\/index.php\/services-2\/","og_site_name":"G&Uuml;NSAN","article_modified_time":"2025-04-22T20:17:34+00:00","twitter_card":"summary_large_image","schema":{"@context":"https:\/\/schema.org","@graph":[{"@type":"WebPage","@id":"https:\/\/gunsanmensucat.com.tr\/index.php\/services-2\/","url":"https:\/\/gunsanmensucat.com.tr\/index.php\/services-2\/","name":"\u00dcRET\u0130MLER\u0130M\u0130Z - G&Uuml;NSAN","isPartOf":{"@id":"https:\/\/gunsanmensucat.com.tr\/#website"},"datePublished":"2021-03-03T08:42:27+00:00","dateModified":"2025-04-22T20:17:34+00:00","breadcrumb":{"@id":"https:\/\/gunsanmensucat.com.tr\/index.php\/services-2\/#breadcrumb"},"inLanguage":"tr","potentialAction":[{"@type":"ReadAction","target":["https:\/\/gunsanmensucat.com.tr\/index.php\/services-2\/"]}]},{"@type":"BreadcrumbList","@id":"https:\/\/gunsanmensucat.com.tr\/index.php\/services-2\/#breadcrumb","itemListElement":[{"@type":"ListItem","position":1,"name":"Anasayfa","item":"https:\/\/gunsanmensucat.com.tr\/"},{"@type":"ListItem","position":2,"name":"\u00dcRET\u0130MLER\u0130M\u0130Z"}]},{"@type":"WebSite","@id":"https:\/\/gunsanmensucat.com.tr\/#website","url":"https:\/\/gunsanmensucat.com.tr\/","name":"G&Uuml;NSAN","description":"&Ouml;RG&Uuml; VE TEKST\u0130L","potentialAction":[{"@type":"SearchAction","target":{"@type":"EntryPoint","urlTemplate":"https:\/\/gunsanmensucat.com.tr\/?s={search_term_string}"},"query-input":{"@type":"PropertyValueSpecification","valueRequired":true,"valueName":"search_term_string"}}],"inLanguage":"tr"}]}},"_links":{"self":[{"href":"https:\/\/gunsanmensucat.com.tr\/index.php\/wp-json\/wp\/v2\/pages\/737","targetHints":{"allow":["GET"]}}],"collection":[{"href":"https:\/\/gunsanmensucat.com.tr\/index.php\/wp-json\/wp\/v2\/pages"}],"about":[{"href":"https:\/\/gunsanmensucat.com.tr\/index.php\/wp-json\/wp\/v2\/types\/page"}],"author":[{"embeddable":true,"href":"https:\/\/gunsanmensucat.com.tr\/index.php\/wp-json\/wp\/v2\/users\/1"}],"replies":[{"embeddable":true,"href":"https:\/\/gunsanmensucat.com.tr\/index.php\/wp-json\/wp\/v2\/comments?post=737"}],"version-history":[{"count":2,"href":"https:\/\/gunsanmensucat.com.tr\/index.php\/wp-json\/wp\/v2\/pages\/737\/revisions"}],"predecessor-version":[{"id":1764,"href":"https:\/\/gunsanmensucat.com.tr\/index.php\/wp-json\/wp\/v2\/pages\/737\/revisions\/1764"}],"wp:attachment":[{"href":"https:\/\/gunsanmensucat.com.tr\/index.php\/wp-json\/wp\/v2\/media?parent=737"}],"curies":[{"name":"wp","href":"https:\/\/api.w.org\/{rel}","templated":true}]}}