{"id":720,"date":"2021-03-03T07:06:57","date_gmt":"2021-03-03T07:06:57","guid":{"rendered":"https:\/\/themetechmount.com\/wordpress\/fablio\/?page_id=720"},"modified":"2025-04-22T19:50:02","modified_gmt":"2025-04-22T19:50:02","slug":"about1","status":"publish","type":"page","link":"https:\/\/gunsanmensucat.com.tr\/index.php\/about1\/","title":{"rendered":"HAKKIMIZDA"},"content":{"rendered":"<section class=\"wpb-content-wrapper\"><p>[vc_row tm_bgimagefixed=&#8221;&#8221; break_in_responsive=&#8221;991&#8243; full_width=&#8221;stretch_row&#8221; tm_responsive_css=&#8221;41793898|colbreak_no|||||||||colbreak_no|||||18px||50px||colbreak_no||||||||||colbreak_no|||||||||&#8221; css=&#8221;.vc_custom_1615960421009{padding-top: 90px !important;padding-bottom: 55px !important;}&#8221;][vc_column width=&#8221;5\/12&#8243; css=&#8221;.vc_custom_1615960359684{padding-right: 0px !important;}&#8221; tm_responsive_css=&#8221;58431425|colbreak_no|||||||||colbreak_no||||||15px|||colbreak_no||||||||||colbreak_no|||||||||&#8221;][vc_single_image image=&#8221;1746&#8243; img_size=&#8221;full&#8221;][\/vc_column][vc_column width=&#8221;7\/12&#8243; css=&#8221;.vc_custom_1615959829453{padding-top: 8px !important;padding-left: 45px !important;}&#8221; tm_responsive_css=&#8221;92914681|colbreak_no|||||||||colbreak_no||||||||15px|colbreak_no||||||||||colbreak_no|||||||||&#8221;]<div class=\"tm-element-heading-wrapper tm-heading-inner tm-element-align-left tm-seperator-style-one tm-heading-style-vertical \"><section class=\"tm-vc_cta3-container\"><div class=\"tm-vc_general tm-vc_cta3 tm-cta3-only tm-vc_cta3-style-classic tm-vc_cta3-shape-rounded tm-vc_cta3-align-left tm-vc_cta3-color-transparent tm-vc_cta3-icon-size-md tm-vc_cta3-actions-no tm-cta3-with-desc\"><div class=\"tm-vc_cta3_content-container\"><div class=\"tm-vc_cta3-content\"><header class=\"tm-vc_cta3-content-header tm-wrap\"><div class=\"tm-vc_cta3-headers tm-wrap-cell\"><h4 class=\"tm-custom-heading \" >Biz Kimiz?<\/h4>\n<h2 class=\"tm-custom-heading \" >G\u00fcnsan \u00d6rg\u00fc ve Teksitl<\/h2>\n<\/div><div class=\"heading-seperator\"><span><\/span><\/div><\/header><div class=\"tm-cta3-content-wrapper\">\n<p class=\"\" data-start=\"96\" data-end=\"374\"><strong data-start=\"96\" data-end=\"125\">G\u00fcnsan \u00d6rg\u00fc \u0130\u015fletmecili\u011fi<\/strong> olarak tekstil sekt\u00f6r\u00fcnde edindi\u011fimiz bilgi ve deneyimle, kaliteli \u00fcretimi ilke edinmi\u015f bir anlay\u0131\u015fla faaliyet g\u00f6stermekteyiz. Kurulu\u015fumuzdan bu yana, m\u00fc\u015fteri memnuniyetini \u00f6n planda tutarak, g\u00fcvenilir ve s\u00fcrd\u00fcr\u00fclebilir hizmet sunmay\u0131 hedefliyoruz.<\/p>\n<p class=\"\" data-start=\"376\" data-end=\"668\">\u00d6rg\u00fc kuma\u015f \u00fcretiminde uzmanla\u015fm\u0131\u015f ekibimizle, modern teknolojiyle donat\u0131lm\u0131\u015f tesisimizde farkl\u0131 sekt\u00f6rlerin ihtiya\u00e7lar\u0131na uygun \u00e7\u00f6z\u00fcmler \u00fcretiyoruz. Kaliteyi ve verimlili\u011fi temel alan \u00fcretim anlay\u0131\u015f\u0131m\u0131zla hem yurt i\u00e7inde hem de yurt d\u0131\u015f\u0131nda tercih edilen bir marka olman\u0131n gururunu ya\u015f\u0131yoruz.<\/p>\n<p class=\"\" data-start=\"670\" data-end=\"880\">G\u00fcnsan olarak; i\u015fimize olan ba\u011fl\u0131l\u0131\u011f\u0131m\u0131z, titizli\u011fimiz ve yenilik\u00e7i yakla\u015f\u0131m\u0131m\u0131zla sekt\u00f6rde fark yaratmay\u0131 s\u00fcrd\u00fcr\u00fcyoruz. G\u00fc\u00e7l\u00fc i\u015f ortakl\u0131klar\u0131m\u0131z ve uzun soluklu m\u00fc\u015fteri ili\u015fkilerimizle b\u00fcy\u00fcmeye devam ediyoruz.<\/p>\n<p><\/div><\/div><\/div><\/div><\/section><\/div> <!-- .tm-element-heading-wrapper container --> [vc_row_inner][vc_column_inner css=&#8221;.vc_custom_1614665779943{margin-bottom: -5px !important;}&#8221;][vc_separator][\/vc_column_inner][\/vc_row_inner][vc_row_inner break_in_responsive=&#8221;991&#8243;][vc_column_inner el_class=&#8221;tm-custome-list-column-border&#8221; width=&#8221;1\/4&#8243;][vc_single_image image=&#8221;1748&#8243; img_size=&#8221;full&#8221;][\/vc_column_inner][vc_column_inner width=&#8221;3\/4&#8243; css=&#8221;.vc_custom_1615959872639{padding-top: 8px !important;padding-left: 5px !important;}&#8221; tm_responsive_css=&#8221;66731806|colbreak_no|||||||||colbreak_no||||||||15px|colbreak_no||||||||||colbreak_no|||||||||&#8221;]<h2 style=\"text-align:left;font-size:20px;line-height:30px;\" class=\"tm-custom-heading \" >FAT\u0130H \u00d6LMEZ<br \/>\nG\u00fcnsan \u00d6rg\u00fc ve Tekstil<\/h2>\n[\/vc_column_inner][\/vc_row_inner][\/vc_column][\/vc_row]<\/p>\n<\/section>","protected":false},"excerpt":{"rendered":"<p>[vc_row tm_bgimagefixed=&#8221;&#8221; break_in_responsive=&#8221;991&#8243; full_width=&#8221;stretch_row&#8221; tm_responsive_css=&#8221;41793898|colbreak_no|||||||||colbreak_no|||||18px||50px||colbreak_no||||||||||colbreak_no|||||||||&#8221; css=&#8221;.vc_custom_1615960421009{padding-top: 90px !important;padding-bottom: 55px !important;}&#8221;][vc_column width=&#8221;5\/12&#8243; css=&#8221;.vc_custom_1615960359684{padding-right: 0px !important;}&#8221; tm_responsive_css=&#8221;58431425|colbreak_no|||||||||colbreak_no||||||15px|||colbreak_no||||||||||colbreak_no|||||||||&#8221;][vc_single_image image=&#8221;1746&#8243; img_size=&#8221;full&#8221;][\/vc_column][vc_column width=&#8221;7\/12&#8243; css=&#8221;.vc_custom_1615959829453{padding-top: 8px !important;padding-left: 45px !important;}&#8221; tm_responsive_css=&#8221;92914681|colbreak_no|||||||||colbreak_no||||||||15px|colbreak_no||||||||||colbreak_no|||||||||&#8221;][vc_row_inner][vc_column_inner css=&#8221;.vc_custom_1614665779943{margin-bottom: -5px !important;}&#8221;][vc_separator][\/vc_column_inner][\/vc_row_inner][vc_row_inner break_in_responsive=&#8221;991&#8243;][vc_column_inner el_class=&#8221;tm-custome-list-column-border&#8221; width=&#8221;1\/4&#8243;][vc_single_image image=&#8221;1748&#8243; img_size=&#8221;full&#8221;][\/vc_column_inner][vc_column_inner width=&#8221;3\/4&#8243; css=&#8221;.vc_custom_1615959872639{padding-top: 8px !important;padding-left: 5px !important;}&#8221; tm_responsive_css=&#8221;66731806|colbreak_no|||||||||colbreak_no||||||||15px|colbreak_no||||||||||colbreak_no|||||||||&#8221;][\/vc_column_inner][\/vc_row_inner][\/vc_column][\/vc_row]<\/p>\n","protected":false},"author":1,"featured_media":0,"parent":0,"menu_order":0,"comment_status":"closed","ping_status":"closed","template":"","meta":{"footnotes":""},"class_list":["post-720","page","type-page","status-publish","hentry"],"yoast_head":"<!-- This site is optimized with the Yoast SEO plugin v26.6 - https:\/\/yoast.com\/wordpress\/plugins\/seo\/ -->\n<title>HAKKIMIZDA - G&Uuml;NSAN<\/title>\n<meta name=\"robots\" content=\"index, follow, max-snippet:-1, max-image-preview:large, max-video-preview:-1\" \/>\n<link rel=\"canonical\" href=\"https:\/\/gunsanmensucat.com.tr\/index.php\/about1\/\" \/>\n<meta property=\"og:locale\" content=\"tr_TR\" \/>\n<meta property=\"og:type\" content=\"article\" \/>\n<meta property=\"og:title\" content=\"HAKKIMIZDA - G&Uuml;NSAN\" \/>\n<meta property=\"og:description\" content=\"[vc_row tm_bgimagefixed=&#8221;&#8221; break_in_responsive=&#8221;991&#8243; full_width=&#8221;stretch_row&#8221; tm_responsive_css=&#8221;41793898|colbreak_no|||||||||colbreak_no|||||18px||50px||colbreak_no||||||||||colbreak_no|||||||||&#8221; css=&#8221;.vc_custom_1615960421009{padding-top: 90px !important;padding-bottom: 55px !important;}&#8221;][vc_column width=&#8221;5\/12&#8243; css=&#8221;.vc_custom_1615960359684{padding-right: 0px !important;}&#8221; tm_responsive_css=&#8221;58431425|colbreak_no|||||||||colbreak_no||||||15px|||colbreak_no||||||||||colbreak_no|||||||||&#8221;][vc_single_image image=&#8221;1746&#8243; img_size=&#8221;full&#8221;][\/vc_column][vc_column width=&#8221;7\/12&#8243; css=&#8221;.vc_custom_1615959829453{padding-top: 8px !important;padding-left: 45px !important;}&#8221; tm_responsive_css=&#8221;92914681|colbreak_no|||||||||colbreak_no||||||||15px|colbreak_no||||||||||colbreak_no|||||||||&#8221;][vc_row_inner][vc_column_inner css=&#8221;.vc_custom_1614665779943{margin-bottom: -5px !important;}&#8221;][vc_separator][\/vc_column_inner][\/vc_row_inner][vc_row_inner break_in_responsive=&#8221;991&#8243;][vc_column_inner el_class=&#8221;tm-custome-list-column-border&#8221; width=&#8221;1\/4&#8243;][vc_single_image image=&#8221;1748&#8243; img_size=&#8221;full&#8221;][\/vc_column_inner][vc_column_inner width=&#8221;3\/4&#8243; css=&#8221;.vc_custom_1615959872639{padding-top: 8px !important;padding-left: 5px !important;}&#8221; tm_responsive_css=&#8221;66731806|colbreak_no|||||||||colbreak_no||||||||15px|colbreak_no||||||||||colbreak_no|||||||||&#8221;][\/vc_column_inner][\/vc_row_inner][\/vc_column][\/vc_row]\" \/>\n<meta property=\"og:url\" content=\"https:\/\/gunsanmensucat.com.tr\/index.php\/about1\/\" \/>\n<meta property=\"og:site_name\" content=\"G&Uuml;NSAN\" \/>\n<meta property=\"article:modified_time\" content=\"2025-04-22T19:50:02+00:00\" \/>\n<meta name=\"twitter:card\" content=\"summary_large_image\" \/>\n<meta name=\"twitter:label1\" content=\"Tahmini okuma s\u00fcresi\" \/>\n\t<meta name=\"twitter:data1\" content=\"2 dakika\" \/>\n<script type=\"application\/ld+json\" class=\"yoast-schema-graph\">{\"@context\":\"https:\/\/schema.org\",\"@graph\":[{\"@type\":\"WebPage\",\"@id\":\"https:\/\/gunsanmensucat.com.tr\/index.php\/about1\/\",\"url\":\"https:\/\/gunsanmensucat.com.tr\/index.php\/about1\/\",\"name\":\"HAKKIMIZDA - G&Uuml;NSAN\",\"isPartOf\":{\"@id\":\"https:\/\/gunsanmensucat.com.tr\/#website\"},\"datePublished\":\"2021-03-03T07:06:57+00:00\",\"dateModified\":\"2025-04-22T19:50:02+00:00\",\"breadcrumb\":{\"@id\":\"https:\/\/gunsanmensucat.com.tr\/index.php\/about1\/#breadcrumb\"},\"inLanguage\":\"tr\",\"potentialAction\":[{\"@type\":\"ReadAction\",\"target\":[\"https:\/\/gunsanmensucat.com.tr\/index.php\/about1\/\"]}]},{\"@type\":\"BreadcrumbList\",\"@id\":\"https:\/\/gunsanmensucat.com.tr\/index.php\/about1\/#breadcrumb\",\"itemListElement\":[{\"@type\":\"ListItem\",\"position\":1,\"name\":\"Anasayfa\",\"item\":\"https:\/\/gunsanmensucat.com.tr\/\"},{\"@type\":\"ListItem\",\"position\":2,\"name\":\"HAKKIMIZDA\"}]},{\"@type\":\"WebSite\",\"@id\":\"https:\/\/gunsanmensucat.com.tr\/#website\",\"url\":\"https:\/\/gunsanmensucat.com.tr\/\",\"name\":\"G&Uuml;NSAN\",\"description\":\"&Ouml;RG&Uuml; VE TEKST\u0130L\",\"potentialAction\":[{\"@type\":\"SearchAction\",\"target\":{\"@type\":\"EntryPoint\",\"urlTemplate\":\"https:\/\/gunsanmensucat.com.tr\/?s={search_term_string}\"},\"query-input\":{\"@type\":\"PropertyValueSpecification\",\"valueRequired\":true,\"valueName\":\"search_term_string\"}}],\"inLanguage\":\"tr\"}]}<\/script>\n<!-- \/ Yoast SEO plugin. -->","yoast_head_json":{"title":"HAKKIMIZDA - G&Uuml;NSAN","robots":{"index":"index","follow":"follow","max-snippet":"max-snippet:-1","max-image-preview":"max-image-preview:large","max-video-preview":"max-video-preview:-1"},"canonical":"https:\/\/gunsanmensucat.com.tr\/index.php\/about1\/","og_locale":"tr_TR","og_type":"article","og_title":"HAKKIMIZDA - G&Uuml;NSAN","og_description":"[vc_row tm_bgimagefixed=&#8221;&#8221; break_in_responsive=&#8221;991&#8243; full_width=&#8221;stretch_row&#8221; tm_responsive_css=&#8221;41793898|colbreak_no|||||||||colbreak_no|||||18px||50px||colbreak_no||||||||||colbreak_no|||||||||&#8221; css=&#8221;.vc_custom_1615960421009{padding-top: 90px !important;padding-bottom: 55px !important;}&#8221;][vc_column width=&#8221;5\/12&#8243; css=&#8221;.vc_custom_1615960359684{padding-right: 0px !important;}&#8221; tm_responsive_css=&#8221;58431425|colbreak_no|||||||||colbreak_no||||||15px|||colbreak_no||||||||||colbreak_no|||||||||&#8221;][vc_single_image image=&#8221;1746&#8243; img_size=&#8221;full&#8221;][\/vc_column][vc_column width=&#8221;7\/12&#8243; css=&#8221;.vc_custom_1615959829453{padding-top: 8px !important;padding-left: 45px !important;}&#8221; tm_responsive_css=&#8221;92914681|colbreak_no|||||||||colbreak_no||||||||15px|colbreak_no||||||||||colbreak_no|||||||||&#8221;][vc_row_inner][vc_column_inner css=&#8221;.vc_custom_1614665779943{margin-bottom: -5px !important;}&#8221;][vc_separator][\/vc_column_inner][\/vc_row_inner][vc_row_inner break_in_responsive=&#8221;991&#8243;][vc_column_inner el_class=&#8221;tm-custome-list-column-border&#8221; width=&#8221;1\/4&#8243;][vc_single_image image=&#8221;1748&#8243; img_size=&#8221;full&#8221;][\/vc_column_inner][vc_column_inner width=&#8221;3\/4&#8243; css=&#8221;.vc_custom_1615959872639{padding-top: 8px !important;padding-left: 5px !important;}&#8221; tm_responsive_css=&#8221;66731806|colbreak_no|||||||||colbreak_no||||||||15px|colbreak_no||||||||||colbreak_no|||||||||&#8221;][\/vc_column_inner][\/vc_row_inner][\/vc_column][\/vc_row]","og_url":"https:\/\/gunsanmensucat.com.tr\/index.php\/about1\/","og_site_name":"G&Uuml;NSAN","article_modified_time":"2025-04-22T19:50:02+00:00","twitter_card":"summary_large_image","twitter_misc":{"Tahmini okuma s\u00fcresi":"2 dakika"},"schema":{"@context":"https:\/\/schema.org","@graph":[{"@type":"WebPage","@id":"https:\/\/gunsanmensucat.com.tr\/index.php\/about1\/","url":"https:\/\/gunsanmensucat.com.tr\/index.php\/about1\/","name":"HAKKIMIZDA - G&Uuml;NSAN","isPartOf":{"@id":"https:\/\/gunsanmensucat.com.tr\/#website"},"datePublished":"2021-03-03T07:06:57+00:00","dateModified":"2025-04-22T19:50:02+00:00","breadcrumb":{"@id":"https:\/\/gunsanmensucat.com.tr\/index.php\/about1\/#breadcrumb"},"inLanguage":"tr","potentialAction":[{"@type":"ReadAction","target":["https:\/\/gunsanmensucat.com.tr\/index.php\/about1\/"]}]},{"@type":"BreadcrumbList","@id":"https:\/\/gunsanmensucat.com.tr\/index.php\/about1\/#breadcrumb","itemListElement":[{"@type":"ListItem","position":1,"name":"Anasayfa","item":"https:\/\/gunsanmensucat.com.tr\/"},{"@type":"ListItem","position":2,"name":"HAKKIMIZDA"}]},{"@type":"WebSite","@id":"https:\/\/gunsanmensucat.com.tr\/#website","url":"https:\/\/gunsanmensucat.com.tr\/","name":"G&Uuml;NSAN","description":"&Ouml;RG&Uuml; VE TEKST\u0130L","potentialAction":[{"@type":"SearchAction","target":{"@type":"EntryPoint","urlTemplate":"https:\/\/gunsanmensucat.com.tr\/?s={search_term_string}"},"query-input":{"@type":"PropertyValueSpecification","valueRequired":true,"valueName":"search_term_string"}}],"inLanguage":"tr"}]}},"_links":{"self":[{"href":"https:\/\/gunsanmensucat.com.tr\/index.php\/wp-json\/wp\/v2\/pages\/720","targetHints":{"allow":["GET"]}}],"collection":[{"href":"https:\/\/gunsanmensucat.com.tr\/index.php\/wp-json\/wp\/v2\/pages"}],"about":[{"href":"https:\/\/gunsanmensucat.com.tr\/index.php\/wp-json\/wp\/v2\/types\/page"}],"author":[{"embeddable":true,"href":"https:\/\/gunsanmensucat.com.tr\/index.php\/wp-json\/wp\/v2\/users\/1"}],"replies":[{"embeddable":true,"href":"https:\/\/gunsanmensucat.com.tr\/index.php\/wp-json\/wp\/v2\/comments?post=720"}],"version-history":[{"count":4,"href":"https:\/\/gunsanmensucat.com.tr\/index.php\/wp-json\/wp\/v2\/pages\/720\/revisions"}],"predecessor-version":[{"id":1750,"href":"https:\/\/gunsanmensucat.com.tr\/index.php\/wp-json\/wp\/v2\/pages\/720\/revisions\/1750"}],"wp:attachment":[{"href":"https:\/\/gunsanmensucat.com.tr\/index.php\/wp-json\/wp\/v2\/media?parent=720"}],"curies":[{"name":"wp","href":"https:\/\/api.w.org\/{rel}","templated":true}]}}