{"id":1830,"date":"2025-04-23T08:48:11","date_gmt":"2025-04-23T08:48:11","guid":{"rendered":"https:\/\/gunsanmensucat.com.tr\/?page_id=1830"},"modified":"2025-04-23T08:48:11","modified_gmt":"2025-04-23T08:48:11","slug":"cevre-politikasi","status":"publish","type":"page","link":"https:\/\/gunsanmensucat.com.tr\/index.php\/cevre-politikasi\/","title":{"rendered":"\u00c7evre Politikas\u0131"},"content":{"rendered":"<section class=\"wpb-content-wrapper\"><p>[vc_row tm_bgimagefixed=&#8221;&#8221; break_in_responsive=&#8221;991&#8243; full_width=&#8221;stretch_row&#8221; tm_responsive_css=&#8221;41793898|colbreak_no|||||||||colbreak_no|||||0px||20px||colbreak_no||||||||||colbreak_no|||||||||&#8221; css=&#8221;.vc_custom_1615960871360{padding-bottom: 0px !important;}&#8221;][vc_column width=&#8221;1\/2&#8243; tm_responsive_css=&#8221;23101184|colbreak_no|||||||||colbreak_no|||||20px||||colbreak_no||||||||||colbreak_no|||||||||&#8221;][vc_single_image image=&#8221;1823&#8243; img_size=&#8221;full&#8221;][\/vc_column][vc_column width=&#8221;1\/2&#8243;]<div class=\"tm-element-heading-wrapper tm-heading-inner tm-element-align-left tm-seperator-style-one tm-heading-style-vertical \"><section class=\"tm-vc_cta3-container\"><div class=\"tm-vc_general tm-vc_cta3 tm-cta3-only tm-vc_cta3-style-classic tm-vc_cta3-shape-rounded tm-vc_cta3-align-left tm-vc_cta3-color-transparent tm-vc_cta3-icon-size-md tm-vc_cta3-actions-no tm-cta3-with-desc\"><div class=\"tm-vc_cta3_content-container\"><div class=\"tm-vc_cta3-content\"><header class=\"tm-vc_cta3-content-header tm-wrap\"><div class=\"tm-vc_cta3-headers tm-wrap-cell\"><h4 class=\"tm-custom-heading \" >G\u00dcNSAN<\/h4>\n<h2 class=\"tm-custom-heading \" >\u00c7evre Politikas\u0131<\/h2>\n<\/div><div class=\"heading-seperator\"><span><\/span><\/div><\/header><div class=\"tm-cta3-content-wrapper\"><p><strong data-start=\"52\" data-end=\"77\">G\u00fcnsan \u00d6rg\u00fc &amp; Tekstil<\/strong>, kaliteli \u00fcretim yaparken ayn\u0131 zamanda topluma ve \u00e7evreye sayg\u0131 kapsam\u0131nda sorumluluklar\u0131n\u0131 da yerine getirmektedir.<\/p><\/div><\/div><\/div><\/div><\/section><\/div> <!-- .tm-element-heading-wrapper container --> [vc_column_text]<\/p>\n<p class=\"\" data-start=\"99\" data-end=\"212\"><strong data-start=\"99\" data-end=\"119\">S\u00fcrekli \u00d6\u011frenen:<\/strong> De\u011fi\u015fime a\u00e7\u0131k, geli\u015fime istekli, merak eden ve hatalar\u0131ndan ders \u00e7\u0131karan bir yap\u0131ya sahibiz.<\/p>\n<p class=\"\" data-start=\"214\" data-end=\"353\"><strong data-start=\"214\" data-end=\"231\">Yenilik\u00e7iyiz:<\/strong> Yeni fikir ve teknolojilere ilgi duyar, farkl\u0131 bak\u0131\u015f a\u00e7\u0131lar\u0131n\u0131 dinler, \u00e7\u00f6z\u00fcm odakl\u0131 ve vizyoner yakla\u015f\u0131mlar geli\u015ftiririz.<\/p>\n<p class=\"\" data-start=\"355\" data-end=\"471\"><strong data-start=\"355\" data-end=\"373\">Payla\u015f\u0131mc\u0131y\u0131z:<\/strong> Bilgi ve fikirleri a\u00e7\u0131k\u00e7a payla\u015f\u0131r, ortak ak\u0131lla hareket eder ve tak\u0131m olarak hedefe odaklan\u0131r\u0131z.<\/p>\n<p class=\"\" data-start=\"473\" data-end=\"614\"><strong data-start=\"473\" data-end=\"489\">G\u00fcveniliriz:<\/strong> Tutarl\u0131, d\u00fcr\u00fcst ve sorumluluk sahibi bir anlay\u0131\u015fla \u00e7al\u0131\u015f\u0131r\u0131z. S\u00f6yledi\u011fimizle yapt\u0131\u011f\u0131m\u0131z uyumludur, a\u00e7\u0131k ileti\u015fimi \u00f6nemseriz.<\/p>\n<p class=\"\" data-start=\"616\" data-end=\"742\"><strong data-start=\"616\" data-end=\"637\">Ba\u015far\u0131 Odakl\u0131y\u0131z:<\/strong> S\u00fcrekli geli\u015fimle ba\u015far\u0131ya ula\u015fmay\u0131 hedefler, zorluklar kar\u015f\u0131s\u0131nda \u00e7\u00f6z\u00fcm \u00fcretir ve i\u015fimizi sahipleniriz.<\/p>\n<p class=\"\" data-start=\"744\" data-end=\"919\"><strong data-start=\"744\" data-end=\"766\">M\u00fc\u015fteri Odakl\u0131y\u0131z:<\/strong> M\u00fc\u015fteri memnuniyetini \u00f6n planda tutar, moday\u0131 ve trendleri takip eder, ula\u015f\u0131labilir ve h\u0131zl\u0131 geri d\u00f6n\u00fc\u015f sa\u011flar, beklentilerin \u00f6tesine ge\u00e7meye \u00e7al\u0131\u015f\u0131r\u0131z.<\/p>\n<p>[\/vc_column_text][\/vc_column][\/vc_row][vc_row][vc_column]<div class=\"themetechmount-boxes themetechmount-boxes-service themetechmount-boxes-view-default themetechmount-boxes-col-six themetechmount-boxes-sortable-no themetechmount-boxes-textalign-center tm-cta3-rev-heading\">\n\t\t<div class=\"themetechmount-boxes-inner themetechmount-boxes-service-inner \"><div class=\"themetechmount-box-heading-wrapper tm-element-align-center\"><div class=\"tm-element-heading-wrapper tm-heading-inner tm-element-align-center tm-seperator-none tm-heading-style-vertical \"><section class=\"tm-vc_cta3-container\"><div class=\"tm-vc_general tm-vc_cta3 tm-cta3-only tm-vc_cta3-style-classic tm-vc_cta3-shape-rounded tm-vc_cta3-align-center tm-vc_cta3-color-transparent tm-vc_cta3-icon-size-md tm-vc_cta3-actions-no tm-cta3-without-desc\"><div class=\"tm-vc_cta3_content-container\"><div class=\"tm-vc_cta3-content\"><header class=\"tm-vc_cta3-content-header tm-wrap\"><div class=\"tm-vc_cta3-headers tm-wrap-cell\"><h2 class=\"tm-custom-heading \" >BA\u015eLICA \u00dcRET\u0130MLER\u0130M\u0130Z<\/h2>\n<\/div><div class=\"heading-seperator\"><span><\/span><\/div><\/header><\/div><\/div><\/div><\/section><\/div> <!-- .tm-element-heading-wrapper container --> <\/div> <!-- .tm-element-heading-wrapper container --> \n\t\t\t\t\n\t\t\t\t<div class=\"row multi-columns-row themetechmount-boxes-row-wrapper\">\n\t\t\t\t\t<div class=\"tm-box-col-wrapper col-lg-2 col-sm-4 col-md-4 col-xs-12 gunsan\"><article class=\"themetechmount-box themetechmount-box-service themetechmount-servicebox-styletwo \">\n\t<div class=\"themetechmount-post-item\">\n\t\t<div class=\"themetechmount-box-bottom-content\">\t\n\t\t\t<div class=\"tm-featured-wrapper tm-tm_service-featured-wrapper\"><a href=\"https:\/\/gunsanmensucat.com.tr\/index.php\/service\/pike\/\"><img fetchpriority=\"high\" decoding=\"async\" width=\"768\" height=\"512\" src=\"https:\/\/gunsanmensucat.com.tr\/wp-content\/uploads\/2025\/04\/pike-768x512.jpg\" class=\"attachment-medium_large size-medium_large wp-post-image\" alt=\"\" srcset=\"https:\/\/gunsanmensucat.com.tr\/wp-content\/uploads\/2025\/04\/pike-768x512.jpg 768w, https:\/\/gunsanmensucat.com.tr\/wp-content\/uploads\/2025\/04\/pike-300x200.jpg 300w, https:\/\/gunsanmensucat.com.tr\/wp-content\/uploads\/2025\/04\/pike-1024x683.jpg 1024w, https:\/\/gunsanmensucat.com.tr\/wp-content\/uploads\/2025\/04\/pike.jpg 1200w\" sizes=\"(max-width: 768px) 100vw, 768px\" data-id=\"1787\" \/><\/a><\/div>\t\t\t<div class=\"tm-servicebox-detials\">\n\t\t\t\t<div class=\"tm-box-header\">\n\t\t\t\t\t<div class=\"themetechmount-box-title\"><h4><a href=\"https:\/\/gunsanmensucat.com.tr\/index.php\/service\/pike\/\">P\u0130KE<\/a><\/h4><\/div>\t\t\t\t\t<div class=\"tm-details-link\"><a href=\"https:\/\/gunsanmensucat.com.tr\/index.php\/service\/pike\/\"><i class=\"themifyicon ti-arrow-top-right\"><\/i><\/a><\/div>\n\t\t\t\t<\/div>\n\t\t\t\t<div class=\"themetechmount-box-desc\">\n\t\t\t\t\t\t\t\t\t\t\t<div class=\"tm-short-desc\">\n\t\t\t\t\t\t\tPike (Lacoste), genellikle %100 pamuk veya pamuk-kar\u0131\u015f\u0131ml\u0131, dokusu kabar\u0131k ve hafif esnek olan, spor giyim ve polo ti\u015f\u00f6rtlerinde s\u0131k\u00e7a kullan\u0131lan bir kuma\u015f t\u00fcr\u00fcd\u00fcr.\t\t\t\t\t\t<\/div>\n\t\t\t\t\t\t\t\t\t<\/div> \n\t\t\t<\/div>\n\t\t<\/div>\n\t<\/div>\n<\/article><\/div><div class=\"tm-box-col-wrapper col-lg-2 col-sm-4 col-md-4 col-xs-12 gunsan\"><article class=\"themetechmount-box themetechmount-box-service themetechmount-servicebox-styletwo \">\n\t<div class=\"themetechmount-post-item\">\n\t\t<div class=\"themetechmount-box-bottom-content\">\t\n\t\t\t<div class=\"tm-featured-wrapper tm-tm_service-featured-wrapper\"><a href=\"https:\/\/gunsanmensucat.com.tr\/index.php\/service\/fabric-printing\/\"><img decoding=\"async\" width=\"768\" height=\"512\" src=\"https:\/\/gunsanmensucat.com.tr\/wp-content\/uploads\/2021\/03\/suprem-768x512.jpg\" class=\"attachment-medium_large size-medium_large wp-post-image\" alt=\"\" srcset=\"https:\/\/gunsanmensucat.com.tr\/wp-content\/uploads\/2021\/03\/suprem-768x512.jpg 768w, https:\/\/gunsanmensucat.com.tr\/wp-content\/uploads\/2021\/03\/suprem-300x200.jpg 300w, https:\/\/gunsanmensucat.com.tr\/wp-content\/uploads\/2021\/03\/suprem-1024x683.jpg 1024w, https:\/\/gunsanmensucat.com.tr\/wp-content\/uploads\/2021\/03\/suprem.jpg 1200w\" sizes=\"(max-width: 768px) 100vw, 768px\" data-id=\"1775\" \/><\/a><\/div>\t\t\t<div class=\"tm-servicebox-detials\">\n\t\t\t\t<div class=\"tm-box-header\">\n\t\t\t\t\t<div class=\"themetechmount-box-title\"><h4><a href=\"https:\/\/gunsanmensucat.com.tr\/index.php\/service\/fabric-printing\/\">T\u00dcP A. EN. S\u00dcPREM<\/a><\/h4><\/div>\t\t\t\t\t<div class=\"tm-details-link\"><a href=\"https:\/\/gunsanmensucat.com.tr\/index.php\/service\/fabric-printing\/\"><i class=\"themifyicon ti-arrow-top-right\"><\/i><\/a><\/div>\n\t\t\t\t<\/div>\n\t\t\t\t<div class=\"themetechmount-box-desc\">\n\t\t\t\t\t\t\t\t\t\t\t<div class=\"tm-short-desc\">\n\t\t\t\t\t\t\tS\u00fcprem kuma\u015f,yuvarlak \u00f6rme makinelerinde t\u00fcp formunda \u00fcretilmi\u015f, sonra enine a\u00e7\u0131lm\u0131\u015f ve s\u00fcprem \u00f6rg\u00fc tipiyle yap\u0131lm\u0131\u015f bir kuma\u015ft\u0131r. \t\t\t\t\t\t<\/div>\n\t\t\t\t\t\t\t\t\t<\/div> \n\t\t\t<\/div>\n\t\t<\/div>\n\t<\/div>\n<\/article><\/div><div class=\"tm-box-col-wrapper col-lg-2 col-sm-4 col-md-4 col-xs-12 gunsan\"><article class=\"themetechmount-box themetechmount-box-service themetechmount-servicebox-styletwo \">\n\t<div class=\"themetechmount-post-item\">\n\t\t<div class=\"themetechmount-box-bottom-content\">\t\n\t\t\t<div class=\"tm-featured-wrapper tm-tm_service-featured-wrapper\"><a href=\"https:\/\/gunsanmensucat.com.tr\/index.php\/service\/uc-iplik\/\"><img decoding=\"async\" width=\"768\" height=\"512\" src=\"https:\/\/gunsanmensucat.com.tr\/wp-content\/uploads\/2025\/04\/uc-iplik-768x512.jpg\" class=\"attachment-medium_large size-medium_large wp-post-image\" alt=\"\" srcset=\"https:\/\/gunsanmensucat.com.tr\/wp-content\/uploads\/2025\/04\/uc-iplik-768x512.jpg 768w, https:\/\/gunsanmensucat.com.tr\/wp-content\/uploads\/2025\/04\/uc-iplik-300x200.jpg 300w, https:\/\/gunsanmensucat.com.tr\/wp-content\/uploads\/2025\/04\/uc-iplik-1024x683.jpg 1024w, https:\/\/gunsanmensucat.com.tr\/wp-content\/uploads\/2025\/04\/uc-iplik.jpg 1200w\" sizes=\"(max-width: 768px) 100vw, 768px\" data-id=\"1790\" \/><\/a><\/div>\t\t\t<div class=\"tm-servicebox-detials\">\n\t\t\t\t<div class=\"tm-box-header\">\n\t\t\t\t\t<div class=\"themetechmount-box-title\"><h4><a href=\"https:\/\/gunsanmensucat.com.tr\/index.php\/service\/uc-iplik\/\">\u00dc\u00c7 \u0130PL\u0130K<\/a><\/h4><\/div>\t\t\t\t\t<div class=\"tm-details-link\"><a href=\"https:\/\/gunsanmensucat.com.tr\/index.php\/service\/uc-iplik\/\"><i class=\"themifyicon ti-arrow-top-right\"><\/i><\/a><\/div>\n\t\t\t\t<\/div>\n\t\t\t\t<div class=\"themetechmount-box-desc\">\n\t\t\t\t\t\t\t\t\t\t\t<div class=\"tm-short-desc\">\n\t\t\t\t\t\t\t\u00dc\u00e7 iplik, \u00fc\u00e7 farkl\u0131 ipli\u011fin kullan\u0131ld\u0131\u011f\u0131, genellikle kal\u0131n ve dayan\u0131kl\u0131 olan, spor giyim ve e\u015fofman gibi \u00fcr\u00fcnlerde tercih edilen bir kuma\u015f t\u00fcr\u00fcd\u00fcr.\t\t\t\t\t\t<\/div>\n\t\t\t\t\t\t\t\t\t<\/div> \n\t\t\t<\/div>\n\t\t<\/div>\n\t<\/div>\n<\/article><\/div><div class=\"tm-box-col-wrapper col-lg-2 col-sm-4 col-md-4 col-xs-12 gunsan\"><article class=\"themetechmount-box themetechmount-box-service themetechmount-servicebox-styletwo \">\n\t<div class=\"themetechmount-post-item\">\n\t\t<div class=\"themetechmount-box-bottom-content\">\t\n\t\t\t<div class=\"tm-featured-wrapper tm-tm_service-featured-wrapper\"><a href=\"https:\/\/gunsanmensucat.com.tr\/index.php\/service\/tup-iki-iplik\/\"><img loading=\"lazy\" decoding=\"async\" width=\"768\" height=\"512\" src=\"https:\/\/gunsanmensucat.com.tr\/wp-content\/uploads\/2025\/04\/iki-iplik-768x512.jpg\" class=\"attachment-medium_large size-medium_large wp-post-image\" alt=\"\" srcset=\"https:\/\/gunsanmensucat.com.tr\/wp-content\/uploads\/2025\/04\/iki-iplik-768x512.jpg 768w, https:\/\/gunsanmensucat.com.tr\/wp-content\/uploads\/2025\/04\/iki-iplik-300x200.jpg 300w, https:\/\/gunsanmensucat.com.tr\/wp-content\/uploads\/2025\/04\/iki-iplik-1024x683.jpg 1024w, https:\/\/gunsanmensucat.com.tr\/wp-content\/uploads\/2025\/04\/iki-iplik.jpg 1200w\" sizes=\"(max-width: 768px) 100vw, 768px\" data-id=\"1781\" \/><\/a><\/div>\t\t\t<div class=\"tm-servicebox-detials\">\n\t\t\t\t<div class=\"tm-box-header\">\n\t\t\t\t\t<div class=\"themetechmount-box-title\"><h4><a href=\"https:\/\/gunsanmensucat.com.tr\/index.php\/service\/tup-iki-iplik\/\">T\u00dcP \u0130K\u0130 \u0130PL\u0130K<\/a><\/h4><\/div>\t\t\t\t\t<div class=\"tm-details-link\"><a href=\"https:\/\/gunsanmensucat.com.tr\/index.php\/service\/tup-iki-iplik\/\"><i class=\"themifyicon ti-arrow-top-right\"><\/i><\/a><\/div>\n\t\t\t\t<\/div>\n\t\t\t\t<div class=\"themetechmount-box-desc\">\n\t\t\t\t\t\t\t\t\t\t\t<div class=\"tm-short-desc\">\n\t\t\t\t\t\t\tT\u00fcp iki iplik, iki farkl\u0131 ipli\u011fin bir arada \u00f6r\u00fclerek olu\u015fturdu\u011fu, dayan\u0131kl\u0131 ve esnek bir kuma\u015f t\u00fcr\u00fcd\u00fcr.\t\t\t\t\t\t<\/div>\n\t\t\t\t\t\t\t\t\t<\/div> \n\t\t\t<\/div>\n\t\t<\/div>\n\t<\/div>\n<\/article><\/div><div class=\"tm-box-col-wrapper col-lg-2 col-sm-4 col-md-4 col-xs-12 gunsan\"><article class=\"themetechmount-box themetechmount-box-service themetechmount-servicebox-styletwo \">\n\t<div class=\"themetechmount-post-item\">\n\t\t<div class=\"themetechmount-box-bottom-content\">\t\n\t\t\t<div class=\"tm-featured-wrapper tm-tm_service-featured-wrapper\"><a href=\"https:\/\/gunsanmensucat.com.tr\/index.php\/service\/f-lyc-suprem\/\"><img loading=\"lazy\" decoding=\"async\" width=\"768\" height=\"512\" src=\"https:\/\/gunsanmensucat.com.tr\/wp-content\/uploads\/2025\/04\/lyc-suprem-768x512.jpg\" class=\"attachment-medium_large size-medium_large wp-post-image\" alt=\"\" srcset=\"https:\/\/gunsanmensucat.com.tr\/wp-content\/uploads\/2025\/04\/lyc-suprem-768x512.jpg 768w, https:\/\/gunsanmensucat.com.tr\/wp-content\/uploads\/2025\/04\/lyc-suprem-300x200.jpg 300w, https:\/\/gunsanmensucat.com.tr\/wp-content\/uploads\/2025\/04\/lyc-suprem-1024x683.jpg 1024w, https:\/\/gunsanmensucat.com.tr\/wp-content\/uploads\/2025\/04\/lyc-suprem.jpg 1200w\" sizes=\"(max-width: 768px) 100vw, 768px\" data-id=\"1778\" \/><\/a><\/div>\t\t\t<div class=\"tm-servicebox-detials\">\n\t\t\t\t<div class=\"tm-box-header\">\n\t\t\t\t\t<div class=\"themetechmount-box-title\"><h4><a href=\"https:\/\/gunsanmensucat.com.tr\/index.php\/service\/f-lyc-suprem\/\">F. LYC S\u00dcPREM<\/a><\/h4><\/div>\t\t\t\t\t<div class=\"tm-details-link\"><a href=\"https:\/\/gunsanmensucat.com.tr\/index.php\/service\/f-lyc-suprem\/\"><i class=\"themifyicon ti-arrow-top-right\"><\/i><\/a><\/div>\n\t\t\t\t<\/div>\n\t\t\t\t<div class=\"themetechmount-box-desc\">\n\t\t\t\t\t\t\t\t\t\t\t<div class=\"tm-short-desc\">\n\t\t\t\t\t\t\tFull Lyc S\u00fcprem, tamamen likral\u0131 oldu\u011fu i\u00e7in y\u00fcksek esneklik ve v\u00fccuda oturma sa\u011flayan s\u00fcprem kuma\u015ft\u0131r.\t\t\t\t\t\t<\/div>\n\t\t\t\t\t\t\t\t\t<\/div> \n\t\t\t<\/div>\n\t\t<\/div>\n\t<\/div>\n<\/article><\/div><div class=\"tm-box-col-wrapper col-lg-2 col-sm-4 col-md-4 col-xs-12 gunsan\"><article class=\"themetechmount-box themetechmount-box-service themetechmount-servicebox-styletwo \">\n\t<div class=\"themetechmount-post-item\">\n\t\t<div class=\"themetechmount-box-bottom-content\">\t\n\t\t\t<div class=\"tm-featured-wrapper tm-tm_service-featured-wrapper\"><a href=\"https:\/\/gunsanmensucat.com.tr\/index.php\/service\/kaskorse\/\"><img loading=\"lazy\" decoding=\"async\" width=\"768\" height=\"512\" src=\"https:\/\/gunsanmensucat.com.tr\/wp-content\/uploads\/2025\/04\/kaskorse-768x512.jpg\" class=\"attachment-medium_large size-medium_large wp-post-image\" alt=\"\" srcset=\"https:\/\/gunsanmensucat.com.tr\/wp-content\/uploads\/2025\/04\/kaskorse-768x512.jpg 768w, https:\/\/gunsanmensucat.com.tr\/wp-content\/uploads\/2025\/04\/kaskorse-300x200.jpg 300w, https:\/\/gunsanmensucat.com.tr\/wp-content\/uploads\/2025\/04\/kaskorse-1024x683.jpg 1024w, https:\/\/gunsanmensucat.com.tr\/wp-content\/uploads\/2025\/04\/kaskorse.jpg 1200w\" sizes=\"(max-width: 768px) 100vw, 768px\" data-id=\"1793\" \/><\/a><\/div>\t\t\t<div class=\"tm-servicebox-detials\">\n\t\t\t\t<div class=\"tm-box-header\">\n\t\t\t\t\t<div class=\"themetechmount-box-title\"><h4><a href=\"https:\/\/gunsanmensucat.com.tr\/index.php\/service\/kaskorse\/\">KA\u015eKORSE<\/a><\/h4><\/div>\t\t\t\t\t<div class=\"tm-details-link\"><a href=\"https:\/\/gunsanmensucat.com.tr\/index.php\/service\/kaskorse\/\"><i class=\"themifyicon ti-arrow-top-right\"><\/i><\/a><\/div>\n\t\t\t\t<\/div>\n\t\t\t\t<div class=\"themetechmount-box-desc\">\n\t\t\t\t\t\t\t\t\t\t\t<div class=\"tm-short-desc\">\n\t\t\t\t\t\t\tKa\u015fkorse, enine y\u00f6nde esnek, ribana \u00f6rg\u00fc yap\u0131s\u0131na sahip, genellikle man\u015fet, yaka ve beli saran par\u00e7alarda kullan\u0131lan fitilli kuma\u015f t\u00fcr\u00fcd\u00fcr.\t\t\t\t\t\t<\/div>\n\t\t\t\t\t\t\t\t\t<\/div> \n\t\t\t<\/div>\n\t\t<\/div>\n\t<\/div>\n<\/article><\/div>\n\t\t\t\t<\/div>\n\t\t\t<\/div><!-- .themetechmount-boxes-inner -->   <\/div><!-- .themetechmount-boxes -->  [\/vc_column][\/vc_row]<\/p>\n<\/section>","protected":false},"excerpt":{"rendered":"<p>[vc_row tm_bgimagefixed=&#8221;&#8221; break_in_responsive=&#8221;991&#8243; full_width=&#8221;stretch_row&#8221; tm_responsive_css=&#8221;41793898|colbreak_no|||||||||colbreak_no|||||0px||20px||colbreak_no||||||||||colbreak_no|||||||||&#8221; css=&#8221;.vc_custom_1615960871360{padding-bottom: 0px !important;}&#8221;][vc_column width=&#8221;1\/2&#8243; tm_responsive_css=&#8221;23101184|colbreak_no|||||||||colbreak_no|||||20px||||colbreak_no||||||||||colbreak_no|||||||||&#8221;][vc_single_image image=&#8221;1823&#8243; img_size=&#8221;full&#8221;][\/vc_column][vc_column width=&#8221;1\/2&#8243;][vc_column_text] S\u00fcrekli \u00d6\u011frenen: De\u011fi\u015fime a\u00e7\u0131k, geli\u015fime istekli, merak eden ve hatalar\u0131ndan ders \u00e7\u0131karan bir yap\u0131ya sahibiz. Yenilik\u00e7iyiz: Yeni fikir ve teknolojilere ilgi duyar, farkl\u0131 bak\u0131\u015f a\u00e7\u0131lar\u0131n\u0131 dinler, \u00e7\u00f6z\u00fcm odakl\u0131 ve vizyoner yakla\u015f\u0131mlar geli\u015ftiririz. Payla\u015f\u0131mc\u0131y\u0131z: Bilgi ve fikirleri a\u00e7\u0131k\u00e7a payla\u015f\u0131r, ortak ak\u0131lla hareket eder &hellip; <a href=\"https:\/\/gunsanmensucat.com.tr\/index.php\/service\/kaskorse\/\" class=\"more-link\">Continue reading <span class=\"screen-reader-text\">KA\u015eKORSE<\/span><\/a><\/p>\n","protected":false},"author":1,"featured_media":0,"parent":0,"menu_order":0,"comment_status":"closed","ping_status":"closed","template":"","meta":{"footnotes":""},"class_list":["post-1830","page","type-page","status-publish","hentry"],"yoast_head":"<!-- This site is optimized with the Yoast SEO plugin v26.6 - https:\/\/yoast.com\/wordpress\/plugins\/seo\/ -->\n<title>\u00c7evre Politikas\u0131 - G&Uuml;NSAN<\/title>\n<meta name=\"robots\" content=\"index, follow, max-snippet:-1, max-image-preview:large, max-video-preview:-1\" \/>\n<link rel=\"canonical\" href=\"https:\/\/gunsanmensucat.com.tr\/index.php\/cevre-politikasi\/\" \/>\n<meta property=\"og:locale\" content=\"tr_TR\" \/>\n<meta property=\"og:type\" content=\"article\" \/>\n<meta property=\"og:title\" content=\"\u00c7evre Politikas\u0131 - G&Uuml;NSAN\" \/>\n<meta property=\"og:description\" content=\"[vc_row tm_bgimagefixed=&#8221;&#8221; break_in_responsive=&#8221;991&#8243; full_width=&#8221;stretch_row&#8221; tm_responsive_css=&#8221;41793898|colbreak_no|||||||||colbreak_no|||||0px||20px||colbreak_no||||||||||colbreak_no|||||||||&#8221; css=&#8221;.vc_custom_1615960871360{padding-bottom: 0px !important;}&#8221;][vc_column width=&#8221;1\/2&#8243; tm_responsive_css=&#8221;23101184|colbreak_no|||||||||colbreak_no|||||20px||||colbreak_no||||||||||colbreak_no|||||||||&#8221;][vc_single_image image=&#8221;1823&#8243; img_size=&#8221;full&#8221;][\/vc_column][vc_column width=&#8221;1\/2&#8243;][vc_column_text] S\u00fcrekli \u00d6\u011frenen: De\u011fi\u015fime a\u00e7\u0131k, geli\u015fime istekli, merak eden ve hatalar\u0131ndan ders \u00e7\u0131karan bir yap\u0131ya sahibiz. Yenilik\u00e7iyiz: Yeni fikir ve teknolojilere ilgi duyar, farkl\u0131 bak\u0131\u015f a\u00e7\u0131lar\u0131n\u0131 dinler, \u00e7\u00f6z\u00fcm odakl\u0131 ve vizyoner yakla\u015f\u0131mlar geli\u015ftiririz. Payla\u015f\u0131mc\u0131y\u0131z: Bilgi ve fikirleri a\u00e7\u0131k\u00e7a payla\u015f\u0131r, ortak ak\u0131lla hareket eder &hellip; Continue reading KA\u015eKORSE\" \/>\n<meta property=\"og:url\" content=\"https:\/\/gunsanmensucat.com.tr\/index.php\/cevre-politikasi\/\" \/>\n<meta property=\"og:site_name\" content=\"G&Uuml;NSAN\" \/>\n<meta name=\"twitter:card\" content=\"summary_large_image\" \/>\n<meta name=\"twitter:label1\" content=\"Tahmini okuma s\u00fcresi\" \/>\n\t<meta name=\"twitter:data1\" content=\"1 dakika\" \/>\n<script type=\"application\/ld+json\" class=\"yoast-schema-graph\">{\"@context\":\"https:\/\/schema.org\",\"@graph\":[{\"@type\":\"WebPage\",\"@id\":\"https:\/\/gunsanmensucat.com.tr\/index.php\/cevre-politikasi\/\",\"url\":\"https:\/\/gunsanmensucat.com.tr\/index.php\/cevre-politikasi\/\",\"name\":\"\u00c7evre Politikas\u0131 - G&Uuml;NSAN\",\"isPartOf\":{\"@id\":\"https:\/\/gunsanmensucat.com.tr\/#website\"},\"datePublished\":\"2025-04-23T08:48:11+00:00\",\"breadcrumb\":{\"@id\":\"https:\/\/gunsanmensucat.com.tr\/index.php\/cevre-politikasi\/#breadcrumb\"},\"inLanguage\":\"tr\",\"potentialAction\":[{\"@type\":\"ReadAction\",\"target\":[\"https:\/\/gunsanmensucat.com.tr\/index.php\/cevre-politikasi\/\"]}]},{\"@type\":\"BreadcrumbList\",\"@id\":\"https:\/\/gunsanmensucat.com.tr\/index.php\/cevre-politikasi\/#breadcrumb\",\"itemListElement\":[{\"@type\":\"ListItem\",\"position\":1,\"name\":\"Anasayfa\",\"item\":\"https:\/\/gunsanmensucat.com.tr\/\"},{\"@type\":\"ListItem\",\"position\":2,\"name\":\"\u00c7evre Politikas\u0131\"}]},{\"@type\":\"WebSite\",\"@id\":\"https:\/\/gunsanmensucat.com.tr\/#website\",\"url\":\"https:\/\/gunsanmensucat.com.tr\/\",\"name\":\"G&Uuml;NSAN\",\"description\":\"&Ouml;RG&Uuml; VE TEKST\u0130L\",\"potentialAction\":[{\"@type\":\"SearchAction\",\"target\":{\"@type\":\"EntryPoint\",\"urlTemplate\":\"https:\/\/gunsanmensucat.com.tr\/?s={search_term_string}\"},\"query-input\":{\"@type\":\"PropertyValueSpecification\",\"valueRequired\":true,\"valueName\":\"search_term_string\"}}],\"inLanguage\":\"tr\"}]}<\/script>\n<!-- \/ Yoast SEO plugin. -->","yoast_head_json":{"title":"\u00c7evre Politikas\u0131 - G&Uuml;NSAN","robots":{"index":"index","follow":"follow","max-snippet":"max-snippet:-1","max-image-preview":"max-image-preview:large","max-video-preview":"max-video-preview:-1"},"canonical":"https:\/\/gunsanmensucat.com.tr\/index.php\/cevre-politikasi\/","og_locale":"tr_TR","og_type":"article","og_title":"\u00c7evre Politikas\u0131 - G&Uuml;NSAN","og_description":"[vc_row tm_bgimagefixed=&#8221;&#8221; break_in_responsive=&#8221;991&#8243; full_width=&#8221;stretch_row&#8221; tm_responsive_css=&#8221;41793898|colbreak_no|||||||||colbreak_no|||||0px||20px||colbreak_no||||||||||colbreak_no|||||||||&#8221; css=&#8221;.vc_custom_1615960871360{padding-bottom: 0px !important;}&#8221;][vc_column width=&#8221;1\/2&#8243; tm_responsive_css=&#8221;23101184|colbreak_no|||||||||colbreak_no|||||20px||||colbreak_no||||||||||colbreak_no|||||||||&#8221;][vc_single_image image=&#8221;1823&#8243; img_size=&#8221;full&#8221;][\/vc_column][vc_column width=&#8221;1\/2&#8243;][vc_column_text] S\u00fcrekli \u00d6\u011frenen: De\u011fi\u015fime a\u00e7\u0131k, geli\u015fime istekli, merak eden ve hatalar\u0131ndan ders \u00e7\u0131karan bir yap\u0131ya sahibiz. Yenilik\u00e7iyiz: Yeni fikir ve teknolojilere ilgi duyar, farkl\u0131 bak\u0131\u015f a\u00e7\u0131lar\u0131n\u0131 dinler, \u00e7\u00f6z\u00fcm odakl\u0131 ve vizyoner yakla\u015f\u0131mlar geli\u015ftiririz. Payla\u015f\u0131mc\u0131y\u0131z: Bilgi ve fikirleri a\u00e7\u0131k\u00e7a payla\u015f\u0131r, ortak ak\u0131lla hareket eder &hellip; Continue reading KA\u015eKORSE","og_url":"https:\/\/gunsanmensucat.com.tr\/index.php\/cevre-politikasi\/","og_site_name":"G&Uuml;NSAN","twitter_card":"summary_large_image","twitter_misc":{"Tahmini okuma s\u00fcresi":"1 dakika"},"schema":{"@context":"https:\/\/schema.org","@graph":[{"@type":"WebPage","@id":"https:\/\/gunsanmensucat.com.tr\/index.php\/cevre-politikasi\/","url":"https:\/\/gunsanmensucat.com.tr\/index.php\/cevre-politikasi\/","name":"\u00c7evre Politikas\u0131 - G&Uuml;NSAN","isPartOf":{"@id":"https:\/\/gunsanmensucat.com.tr\/#website"},"datePublished":"2025-04-23T08:48:11+00:00","breadcrumb":{"@id":"https:\/\/gunsanmensucat.com.tr\/index.php\/cevre-politikasi\/#breadcrumb"},"inLanguage":"tr","potentialAction":[{"@type":"ReadAction","target":["https:\/\/gunsanmensucat.com.tr\/index.php\/cevre-politikasi\/"]}]},{"@type":"BreadcrumbList","@id":"https:\/\/gunsanmensucat.com.tr\/index.php\/cevre-politikasi\/#breadcrumb","itemListElement":[{"@type":"ListItem","position":1,"name":"Anasayfa","item":"https:\/\/gunsanmensucat.com.tr\/"},{"@type":"ListItem","position":2,"name":"\u00c7evre Politikas\u0131"}]},{"@type":"WebSite","@id":"https:\/\/gunsanmensucat.com.tr\/#website","url":"https:\/\/gunsanmensucat.com.tr\/","name":"G&Uuml;NSAN","description":"&Ouml;RG&Uuml; VE TEKST\u0130L","potentialAction":[{"@type":"SearchAction","target":{"@type":"EntryPoint","urlTemplate":"https:\/\/gunsanmensucat.com.tr\/?s={search_term_string}"},"query-input":{"@type":"PropertyValueSpecification","valueRequired":true,"valueName":"search_term_string"}}],"inLanguage":"tr"}]}},"_links":{"self":[{"href":"https:\/\/gunsanmensucat.com.tr\/index.php\/wp-json\/wp\/v2\/pages\/1830","targetHints":{"allow":["GET"]}}],"collection":[{"href":"https:\/\/gunsanmensucat.com.tr\/index.php\/wp-json\/wp\/v2\/pages"}],"about":[{"href":"https:\/\/gunsanmensucat.com.tr\/index.php\/wp-json\/wp\/v2\/types\/page"}],"author":[{"embeddable":true,"href":"https:\/\/gunsanmensucat.com.tr\/index.php\/wp-json\/wp\/v2\/users\/1"}],"replies":[{"embeddable":true,"href":"https:\/\/gunsanmensucat.com.tr\/index.php\/wp-json\/wp\/v2\/comments?post=1830"}],"version-history":[{"count":1,"href":"https:\/\/gunsanmensucat.com.tr\/index.php\/wp-json\/wp\/v2\/pages\/1830\/revisions"}],"predecessor-version":[{"id":1836,"href":"https:\/\/gunsanmensucat.com.tr\/index.php\/wp-json\/wp\/v2\/pages\/1830\/revisions\/1836"}],"wp:attachment":[{"href":"https:\/\/gunsanmensucat.com.tr\/index.php\/wp-json\/wp\/v2\/media?parent=1830"}],"curies":[{"name":"wp","href":"https:\/\/api.w.org\/{rel}","templated":true}]}}